{"id":287,"date":"2017-09-29T10:45:19","date_gmt":"2017-09-29T10:45:19","guid":{"rendered":"http:\/\/ferienwohnungen-wittlich.de\/?page_id=287"},"modified":"2024-12-29T18:16:12","modified_gmt":"2024-12-29T18:16:12","slug":"impressum","status":"publish","type":"page","link":"http:\/\/ferienwohnungen-wittlich.de\/?page_id=287","title":{"rendered":"Richtlinien"},"content":{"rendered":"<table class=\"table table-bordered policies_table\">\n<tbody>\n<tr>\n<td>Stornierung<\/td>\n<td>Bis zu 7 Tage vor der Anreise k\u00f6nnen G\u00e4ste kostenfrei stornieren.<\/p>\n<p>Der Gast zahlt im Falle einer Stornierung in den 7 Tagen vor der Anreise einen Betrag in H\u00f6he des Gesamtpreises.<\/td>\n<\/tr>\n<tr>\n<td>Internetzugang<\/td>\n<td>WLAN ist in allen Bereichen nutzbar und ist kostenfrei.<\/td>\n<\/tr>\n<tr>\n<td>Zustell- und Kinderbetten<\/td>\n<td>Kinder sind willkommen.<\/p>\n<p>Alle Kinder unter 2 Jahren zahlen keinen Aufpreis f\u00fcr ein Babybett.<\/p>\n<p>Alle Kinder unter 18 Jahren zahlen EUR 20 pro Nacht und Person f\u00fcr Zustellbetten.<\/p>\n<p>Alle Erwachsenen zahlen EUR 20 pro Nacht und Person f\u00fcr Zustellbetten.<\/p>\n<p>Die Zimmer bieten Platz f\u00fcr maximal 1 Babybett.<\/p>\n<p>Die Zimmer bieten Platz f\u00fcr maximal 1 Zustellbett.<\/td>\n<\/tr>\n<tr>\n<td>Parken<\/td>\n<td>\u00d6ffentliche Parkpl\u00e4tze stehen an der Unterkunft (Reservierung ist nicht erforderlich) zur Verf\u00fcgung.<\/td>\n<\/tr>\n<tr>\n<td>Haustiere<\/td>\n<td>Haustiere sind nicht gestattet.<\/td>\n<\/tr>\n<\/tbody>\n<\/table>\n","protected":false},"excerpt":{"rendered":"<p>Stornierung Bis zu 7 Tage vor der Anreise k\u00f6nnen G\u00e4ste kostenfrei stornieren. Der Gast zahlt im Falle einer Stornierung in den 7 Tagen vor der Anreise einen Betrag in H\u00f6he des Gesamtpreises. Internetzugang WLAN ist in allen Bereichen nutzbar und ist kostenfrei. Zustell- und Kinderbetten Kinder sind willkommen. Alle Kinder unter 2 Jahren zahlen keinen [&hellip;]<\/p>\n","protected":false},"author":1,"featured_media":0,"parent":8,"menu_order":9,"comment_status":"closed","ping_status":"closed","template":"","meta":[],"jetpack_sharing_enabled":true,"jetpack_shortlink":"https:\/\/wp.me\/PaX7rH-4D","_links":{"self":[{"href":"http:\/\/ferienwohnungen-wittlich.de\/index.php?rest_route=\/wp\/v2\/pages\/287"}],"collection":[{"href":"http:\/\/ferienwohnungen-wittlich.de\/index.php?rest_route=\/wp\/v2\/pages"}],"about":[{"href":"http:\/\/ferienwohnungen-wittlich.de\/index.php?rest_route=\/wp\/v2\/types\/page"}],"author":[{"embeddable":true,"href":"http:\/\/ferienwohnungen-wittlich.de\/index.php?rest_route=\/wp\/v2\/users\/1"}],"replies":[{"embeddable":true,"href":"http:\/\/ferienwohnungen-wittlich.de\/index.php?rest_route=%2Fwp%2Fv2%2Fcomments&post=287"}],"version-history":[{"count":9,"href":"http:\/\/ferienwohnungen-wittlich.de\/index.php?rest_route=\/wp\/v2\/pages\/287\/revisions"}],"predecessor-version":[{"id":711,"href":"http:\/\/ferienwohnungen-wittlich.de\/index.php?rest_route=\/wp\/v2\/pages\/287\/revisions\/711"}],"up":[{"embeddable":true,"href":"http:\/\/ferienwohnungen-wittlich.de\/index.php?rest_route=\/wp\/v2\/pages\/8"}],"wp:attachment":[{"href":"http:\/\/ferienwohnungen-wittlich.de\/index.php?rest_route=%2Fwp%2Fv2%2Fmedia&parent=287"}],"curies":[{"name":"wp","href":"https:\/\/api.w.org\/{rel}","templated":true}]}}